{"id":2,"date":"2020-02-06T09:09:26","date_gmt":"2020-02-06T12:09:26","guid":{"rendered":"https:\/\/www.metalurgicazol.com.br\/zoldesign\/?page_id=2"},"modified":"2023-02-26T16:51:41","modified_gmt":"2023-02-26T19:51:41","slug":"home","status":"publish","type":"page","link":"https:\/\/www.metalurgicazol.com.br\/zoldesign\/","title":{"rendered":"Blog Zol Design"},"content":{"rendered":"\t\t<div data-elementor-type=\"wp-page\" data-elementor-id=\"2\" class=\"elementor elementor-2\" data-elementor-post-type=\"page\">\n\t\t\t\t\t\t<section class=\"elementor-section elementor-top-section elementor-element elementor-element-a49dfa9 elementor-section-boxed elementor-section-height-default elementor-section-height-default\" data-id=\"a49dfa9\" data-element_type=\"section\">\n\t\t\t\t\t\t<div class=\"elementor-container elementor-column-gap-default\">\n\t\t\t\t\t<div class=\"elementor-column elementor-col-100 elementor-top-column elementor-element elementor-element-364af4d\" data-id=\"364af4d\" data-element_type=\"column\">\n\t\t\t<div class=\"elementor-widget-wrap elementor-element-populated\">\n\t\t\t\t\t\t<div class=\"elementor-element elementor-element-35f761b elementor-grid-3 elementor-grid-tablet-2 elementor-grid-mobile-1 elementor-posts--thumbnail-top elementor-widget elementor-widget-posts\" data-id=\"35f761b\" data-element_type=\"widget\" data-settings=\"{&quot;classic_columns&quot;:&quot;3&quot;,&quot;classic_columns_tablet&quot;:&quot;2&quot;,&quot;classic_columns_mobile&quot;:&quot;1&quot;,&quot;classic_row_gap&quot;:{&quot;unit&quot;:&quot;px&quot;,&quot;size&quot;:35,&quot;sizes&quot;:[]},&quot;classic_row_gap_tablet&quot;:{&quot;unit&quot;:&quot;px&quot;,&quot;size&quot;:&quot;&quot;,&quot;sizes&quot;:[]},&quot;classic_row_gap_mobile&quot;:{&quot;unit&quot;:&quot;px&quot;,&quot;size&quot;:&quot;&quot;,&quot;sizes&quot;:[]}}\" data-widget_type=\"posts.classic\">\n\t\t\t\t<div class=\"elementor-widget-container\">\n\t\t\t\t\t\t\t<div class=\"elementor-posts-container elementor-posts elementor-posts--skin-classic elementor-grid\">\n\t\t\t\t<article class=\"elementor-post elementor-grid-item post-485 post type-post status-publish format-standard has-post-thumbnail hentry category-sem-categoria\">\n\t\t\t\t<a class=\"elementor-post__thumbnail__link\" href=\"https:\/\/www.metalurgicazol.com.br\/zoldesign\/2020\/09\/14\/por-que-os-compradores-e-vendedores-de-casas-amam-lareiras\/\" tabindex=\"-1\" >\n\t\t\t<div class=\"elementor-post__thumbnail\"><img fetchpriority=\"high\" decoding=\"async\" width=\"729\" height=\"651\" src=\"https:\/\/www.metalurgicazol.com.br\/zoldesign\/wp-content\/uploads\/sites\/2\/2020\/09\/lreir-.png\" class=\"attachment-1536x1536 size-1536x1536 wp-image-486\" alt=\"\" srcset=\"https:\/\/www.metalurgicazol.com.br\/zoldesign\/wp-content\/uploads\/sites\/2\/2020\/09\/lreir-.png 729w, https:\/\/www.metalurgicazol.com.br\/zoldesign\/wp-content\/uploads\/sites\/2\/2020\/09\/lreir--300x268.png 300w\" sizes=\"(max-width: 729px) 100vw, 729px\" \/><\/div>\n\t\t<\/a>\n\t\t\t\t<div class=\"elementor-post__text\">\n\t\t\t\t<h3 class=\"elementor-post__title\">\n\t\t\t<a href=\"https:\/\/www.metalurgicazol.com.br\/zoldesign\/2020\/09\/14\/por-que-os-compradores-e-vendedores-de-casas-amam-lareiras\/\" >\n\t\t\t\tPor que os compradores e vendedores de casas amam lareiras\t\t\t<\/a>\n\t\t<\/h3>\n\t\t\t\t<div class=\"elementor-post__excerpt\">\n\t\t\t<p>Os corretores imobili\u00e1rios costumam falar sobre a \u201capela\u00e7\u00e3o do espa\u00e7o\u201d ao descrever uma casa que provavelmente ser\u00e1 vendida.&nbsp;Mas essa frase deve ser atualizada para incluir<\/p>\n\t\t<\/div>\n\t\t\n\t\t<a class=\"elementor-post__read-more\" href=\"https:\/\/www.metalurgicazol.com.br\/zoldesign\/2020\/09\/14\/por-que-os-compradores-e-vendedores-de-casas-amam-lareiras\/\" aria-label=\"Leia mais sobre Por que os compradores e vendedores de casas amam lareiras\" tabindex=\"-1\" >\n\t\t\tLeia mais \u00bb\t\t<\/a>\n\n\t\t\t\t<\/div>\n\t\t\t\t<\/article>\n\t\t\t\t<article class=\"elementor-post elementor-grid-item post-472 post type-post status-publish format-standard has-post-thumbnail hentry category-sem-categoria\">\n\t\t\t\t<a class=\"elementor-post__thumbnail__link\" href=\"https:\/\/www.metalurgicazol.com.br\/zoldesign\/2020\/09\/08\/escada-helicoidal-de-aco-corten-por-metalurgica-zol\/\" tabindex=\"-1\" >\n\t\t\t<div class=\"elementor-post__thumbnail\"><img decoding=\"async\" width=\"1280\" height=\"950\" src=\"https:\/\/www.metalurgicazol.com.br\/zoldesign\/wp-content\/uploads\/sites\/2\/2020\/09\/WhatsApp-Image-2020-08-28-at-17.52.23-1.jpeg\" class=\"attachment-1536x1536 size-1536x1536 wp-image-473\" alt=\"\" srcset=\"https:\/\/www.metalurgicazol.com.br\/zoldesign\/wp-content\/uploads\/sites\/2\/2020\/09\/WhatsApp-Image-2020-08-28-at-17.52.23-1.jpeg 1280w, https:\/\/www.metalurgicazol.com.br\/zoldesign\/wp-content\/uploads\/sites\/2\/2020\/09\/WhatsApp-Image-2020-08-28-at-17.52.23-1-300x223.jpeg 300w, https:\/\/www.metalurgicazol.com.br\/zoldesign\/wp-content\/uploads\/sites\/2\/2020\/09\/WhatsApp-Image-2020-08-28-at-17.52.23-1-1024x760.jpeg 1024w, https:\/\/www.metalurgicazol.com.br\/zoldesign\/wp-content\/uploads\/sites\/2\/2020\/09\/WhatsApp-Image-2020-08-28-at-17.52.23-1-768x570.jpeg 768w\" sizes=\"(max-width: 1280px) 100vw, 1280px\" \/><\/div>\n\t\t<\/a>\n\t\t\t\t<div class=\"elementor-post__text\">\n\t\t\t\t<h3 class=\"elementor-post__title\">\n\t\t\t<a href=\"https:\/\/www.metalurgicazol.com.br\/zoldesign\/2020\/09\/08\/escada-helicoidal-de-aco-corten-por-metalurgica-zol\/\" >\n\t\t\t\tEscada Helicoidal de A\u00e7o Corten por Metal\u00fargica Zol\t\t\t<\/a>\n\t\t<\/h3>\n\t\t\t\t<div class=\"elementor-post__excerpt\">\n\t\t\t<p>Anteriormente, no Blog Zol Design, tivemos um artigo abordando a import\u00e2ncia do A\u00e7o Corten em certos projetos, falamos das suas vantagens e beleza est\u00e9tica. Hoje<\/p>\n\t\t<\/div>\n\t\t\n\t\t<a class=\"elementor-post__read-more\" href=\"https:\/\/www.metalurgicazol.com.br\/zoldesign\/2020\/09\/08\/escada-helicoidal-de-aco-corten-por-metalurgica-zol\/\" aria-label=\"Leia mais sobre Escada Helicoidal de A\u00e7o Corten por Metal\u00fargica Zol\" tabindex=\"-1\" >\n\t\t\tLeia mais \u00bb\t\t<\/a>\n\n\t\t\t\t<\/div>\n\t\t\t\t<\/article>\n\t\t\t\t<article class=\"elementor-post elementor-grid-item post-442 post type-post status-publish format-standard has-post-thumbnail hentry category-sem-categoria\">\n\t\t\t\t<a class=\"elementor-post__thumbnail__link\" href=\"https:\/\/www.metalurgicazol.com.br\/zoldesign\/2020\/08\/02\/estruturas-metalicas-conheca-sobre-esses-elementos-da-construcao-civil\/\" tabindex=\"-1\" >\n\t\t\t<div class=\"elementor-post__thumbnail\"><img decoding=\"async\" width=\"1296\" height=\"864\" src=\"https:\/\/www.metalurgicazol.com.br\/zoldesign\/wp-content\/uploads\/sites\/2\/2020\/08\/ponte-san-francisco.jpg\" class=\"attachment-1536x1536 size-1536x1536 wp-image-448\" alt=\"\" srcset=\"https:\/\/www.metalurgicazol.com.br\/zoldesign\/wp-content\/uploads\/sites\/2\/2020\/08\/ponte-san-francisco.jpg 1296w, https:\/\/www.metalurgicazol.com.br\/zoldesign\/wp-content\/uploads\/sites\/2\/2020\/08\/ponte-san-francisco-300x200.jpg 300w, https:\/\/www.metalurgicazol.com.br\/zoldesign\/wp-content\/uploads\/sites\/2\/2020\/08\/ponte-san-francisco-1024x683.jpg 1024w, https:\/\/www.metalurgicazol.com.br\/zoldesign\/wp-content\/uploads\/sites\/2\/2020\/08\/ponte-san-francisco-768x512.jpg 768w\" sizes=\"(max-width: 1296px) 100vw, 1296px\" \/><\/div>\n\t\t<\/a>\n\t\t\t\t<div class=\"elementor-post__text\">\n\t\t\t\t<h3 class=\"elementor-post__title\">\n\t\t\t<a href=\"https:\/\/www.metalurgicazol.com.br\/zoldesign\/2020\/08\/02\/estruturas-metalicas-conheca-sobre-esses-elementos-da-construcao-civil\/\" >\n\t\t\t\tEstruturas Met\u00e1licas: conhe\u00e7a sobre esses elementos da constru\u00e7\u00e3o civil\t\t\t<\/a>\n\t\t<\/h3>\n\t\t\t\t<div class=\"elementor-post__excerpt\">\n\t\t\t<p>Conhe\u00e7a o necess\u00e1rio sobre um dos elementos mais utilizados na constru\u00e7\u00e3o civil. Siga a leitura e descobrir\u00e1 suas utilidades mais interessantes. O que \u00e9 uma<\/p>\n\t\t<\/div>\n\t\t\n\t\t<a class=\"elementor-post__read-more\" href=\"https:\/\/www.metalurgicazol.com.br\/zoldesign\/2020\/08\/02\/estruturas-metalicas-conheca-sobre-esses-elementos-da-construcao-civil\/\" aria-label=\"Leia mais sobre Estruturas Met\u00e1licas: conhe\u00e7a sobre esses elementos da constru\u00e7\u00e3o civil\" tabindex=\"-1\" >\n\t\t\tLeia mais \u00bb\t\t<\/a>\n\n\t\t\t\t<\/div>\n\t\t\t\t<\/article>\n\t\t\t\t<article class=\"elementor-post elementor-grid-item post-419 post type-post status-publish format-standard has-post-thumbnail hentry category-sem-categoria\">\n\t\t\t\t<a class=\"elementor-post__thumbnail__link\" href=\"https:\/\/www.metalurgicazol.com.br\/zoldesign\/2020\/07\/21\/guarda-corpos-de-aco-inox-aprenda-o-essencial\/\" tabindex=\"-1\" >\n\t\t\t<div class=\"elementor-post__thumbnail\"><img loading=\"lazy\" decoding=\"async\" width=\"1536\" height=\"1152\" src=\"https:\/\/www.metalurgicazol.com.br\/zoldesign\/wp-content\/uploads\/sites\/2\/2020\/07\/dsc051121-1536x1152.jpg\" class=\"attachment-1536x1536 size-1536x1536 wp-image-420\" alt=\"\" srcset=\"https:\/\/www.metalurgicazol.com.br\/zoldesign\/wp-content\/uploads\/sites\/2\/2020\/07\/dsc051121-1536x1152.jpg 1536w, https:\/\/www.metalurgicazol.com.br\/zoldesign\/wp-content\/uploads\/sites\/2\/2020\/07\/dsc051121-300x225.jpg 300w, https:\/\/www.metalurgicazol.com.br\/zoldesign\/wp-content\/uploads\/sites\/2\/2020\/07\/dsc051121-1024x768.jpg 1024w, https:\/\/www.metalurgicazol.com.br\/zoldesign\/wp-content\/uploads\/sites\/2\/2020\/07\/dsc051121-768x576.jpg 768w, https:\/\/www.metalurgicazol.com.br\/zoldesign\/wp-content\/uploads\/sites\/2\/2020\/07\/dsc051121.jpg 1600w\" sizes=\"(max-width: 1536px) 100vw, 1536px\" \/><\/div>\n\t\t<\/a>\n\t\t\t\t<div class=\"elementor-post__text\">\n\t\t\t\t<h3 class=\"elementor-post__title\">\n\t\t\t<a href=\"https:\/\/www.metalurgicazol.com.br\/zoldesign\/2020\/07\/21\/guarda-corpos-de-aco-inox-aprenda-o-essencial\/\" >\n\t\t\t\tGuarda-corpos de a\u00e7o inox: aprenda o essencial\t\t\t<\/a>\n\t\t<\/h3>\n\t\t\t\t<div class=\"elementor-post__excerpt\">\n\t\t\t<p>Buscando conhecer sobre os guarda-corpos de a\u00e7o inox? Ent\u00e3o voc\u00ea chegou ao lugar certo. Para ajudar voc\u00ea preparamos esse post com alguns pontos: O que<\/p>\n\t\t<\/div>\n\t\t\n\t\t<a class=\"elementor-post__read-more\" href=\"https:\/\/www.metalurgicazol.com.br\/zoldesign\/2020\/07\/21\/guarda-corpos-de-aco-inox-aprenda-o-essencial\/\" aria-label=\"Leia mais sobre Guarda-corpos de a\u00e7o inox: aprenda o essencial\" tabindex=\"-1\" >\n\t\t\tLeia mais \u00bb\t\t<\/a>\n\n\t\t\t\t<\/div>\n\t\t\t\t<\/article>\n\t\t\t\t<article class=\"elementor-post elementor-grid-item post-395 post type-post status-publish format-standard has-post-thumbnail hentry category-sem-categoria\">\n\t\t\t\t<a class=\"elementor-post__thumbnail__link\" href=\"https:\/\/www.metalurgicazol.com.br\/zoldesign\/2020\/07\/16\/aco-corten-o-que-e-onde-utilizar-quanto-tempo-dura-e-muito-mais\/\" tabindex=\"-1\" >\n\t\t\t<div class=\"elementor-post__thumbnail\"><img loading=\"lazy\" decoding=\"async\" width=\"800\" height=\"600\" src=\"https:\/\/www.metalurgicazol.com.br\/zoldesign\/wp-content\/uploads\/sites\/2\/2020\/07\/a\u00e7o.jpg\" class=\"attachment-1536x1536 size-1536x1536 wp-image-396\" alt=\"\" srcset=\"https:\/\/www.metalurgicazol.com.br\/zoldesign\/wp-content\/uploads\/sites\/2\/2020\/07\/a\u00e7o.jpg 800w, https:\/\/www.metalurgicazol.com.br\/zoldesign\/wp-content\/uploads\/sites\/2\/2020\/07\/a\u00e7o-300x225.jpg 300w, https:\/\/www.metalurgicazol.com.br\/zoldesign\/wp-content\/uploads\/sites\/2\/2020\/07\/a\u00e7o-768x576.jpg 768w\" sizes=\"(max-width: 800px) 100vw, 800px\" \/><\/div>\n\t\t<\/a>\n\t\t\t\t<div class=\"elementor-post__text\">\n\t\t\t\t<h3 class=\"elementor-post__title\">\n\t\t\t<a href=\"https:\/\/www.metalurgicazol.com.br\/zoldesign\/2020\/07\/16\/aco-corten-o-que-e-onde-utilizar-quanto-tempo-dura-e-muito-mais\/\" >\n\t\t\t\tA\u00e7o Corten: o que \u00e9, onde utilizar, quanto tempo dura e muito mais\t\t\t<\/a>\n\t\t<\/h3>\n\t\t\t\t<div class=\"elementor-post__excerpt\">\n\t\t\t<p>Voc\u00ea j\u00e1 ouviu falar do a\u00e7o Corten? Aqui neste post explicaremos sobre o a\u00e7o Corten. O que \u00e9 A\u00e7o Corten? Na d\u00e9cada de 1930, a<\/p>\n\t\t<\/div>\n\t\t\n\t\t<a class=\"elementor-post__read-more\" href=\"https:\/\/www.metalurgicazol.com.br\/zoldesign\/2020\/07\/16\/aco-corten-o-que-e-onde-utilizar-quanto-tempo-dura-e-muito-mais\/\" aria-label=\"Leia mais sobre A\u00e7o Corten: o que \u00e9, onde utilizar, quanto tempo dura e muito mais\" tabindex=\"-1\" >\n\t\t\tLeia mais \u00bb\t\t<\/a>\n\n\t\t\t\t<\/div>\n\t\t\t\t<\/article>\n\t\t\t\t<article class=\"elementor-post elementor-grid-item post-366 post type-post status-publish format-standard has-post-thumbnail hentry category-sem-categoria\">\n\t\t\t\t<a class=\"elementor-post__thumbnail__link\" href=\"https:\/\/www.metalurgicazol.com.br\/zoldesign\/2020\/07\/11\/descubra-a-diferenca-entre-o-vidro-comum-temperado-e-laminado\/\" tabindex=\"-1\" >\n\t\t\t<div class=\"elementor-post__thumbnail\"><img loading=\"lazy\" decoding=\"async\" width=\"1291\" height=\"792\" src=\"https:\/\/www.metalurgicazol.com.br\/zoldesign\/wp-content\/uploads\/sites\/2\/2020\/07\/ls.jpg\" class=\"attachment-1536x1536 size-1536x1536 wp-image-374\" alt=\"\" srcset=\"https:\/\/www.metalurgicazol.com.br\/zoldesign\/wp-content\/uploads\/sites\/2\/2020\/07\/ls.jpg 1291w, https:\/\/www.metalurgicazol.com.br\/zoldesign\/wp-content\/uploads\/sites\/2\/2020\/07\/ls-300x184.jpg 300w, https:\/\/www.metalurgicazol.com.br\/zoldesign\/wp-content\/uploads\/sites\/2\/2020\/07\/ls-1024x628.jpg 1024w, https:\/\/www.metalurgicazol.com.br\/zoldesign\/wp-content\/uploads\/sites\/2\/2020\/07\/ls-768x471.jpg 768w\" sizes=\"(max-width: 1291px) 100vw, 1291px\" \/><\/div>\n\t\t<\/a>\n\t\t\t\t<div class=\"elementor-post__text\">\n\t\t\t\t<h3 class=\"elementor-post__title\">\n\t\t\t<a href=\"https:\/\/www.metalurgicazol.com.br\/zoldesign\/2020\/07\/11\/descubra-a-diferenca-entre-o-vidro-comum-temperado-e-laminado\/\" >\n\t\t\t\tDescubra a diferen\u00e7a entre o vidro Comum, Temperado e Laminado\t\t\t<\/a>\n\t\t<\/h3>\n\t\t\t\t<div class=\"elementor-post__excerpt\">\n\t\t\t<p>Voc\u00ea sabia que existem v\u00e1rios tipos de vidros? E que cada tipo de vidro ter\u00e1 uma fun\u00e7\u00e3o? Neste post focaremos em alguns desses tipos de<\/p>\n\t\t<\/div>\n\t\t\n\t\t<a class=\"elementor-post__read-more\" href=\"https:\/\/www.metalurgicazol.com.br\/zoldesign\/2020\/07\/11\/descubra-a-diferenca-entre-o-vidro-comum-temperado-e-laminado\/\" aria-label=\"Leia mais sobre Descubra a diferen\u00e7a entre o vidro Comum, Temperado e Laminado\" tabindex=\"-1\" >\n\t\t\tLeia mais \u00bb\t\t<\/a>\n\n\t\t\t\t<\/div>\n\t\t\t\t<\/article>\n\t\t\t\t<\/div>\n\t\t\n\t\t\t\t\t\t<\/div>\n\t\t\t\t<\/div>\n\t\t\t\t\t<\/div>\n\t\t<\/div>\n\t\t\t\t\t<\/div>\n\t\t<\/section>\n\t\t\t\t<\/div>\n\t\t","protected":false},"excerpt":{"rendered":"","protected":false},"author":2,"featured_media":10,"parent":0,"menu_order":0,"comment_status":"closed","ping_status":"open","template":"elementor_header_footer","meta":{"pagelayer_contact_templates":[],"_pagelayer_content":"","_exactmetrics_skip_tracking":false,"_exactmetrics_sitenote_active":false,"_exactmetrics_sitenote_note":"","_exactmetrics_sitenote_category":0,"footnotes":""},"class_list":["post-2","page","type-page","status-publish","has-post-thumbnail","hentry"],"yoast_head":"<!-- This site is optimized with the Yoast SEO Premium plugin v19.2 (Yoast SEO v24.2) - https:\/\/yoast.com\/wordpress\/plugins\/seo\/ -->\n<title>Blog Zol Design - Blog Zol Design<\/title>\n<meta name=\"robots\" content=\"index, follow, max-snippet:-1, max-image-preview:large, max-video-preview:-1\" \/>\n<link rel=\"canonical\" href=\"https:\/\/www.metalurgicazol.com.br\/zoldesign\/\" \/>\n<meta property=\"og:locale\" content=\"pt_BR\" \/>\n<meta property=\"og:type\" content=\"article\" \/>\n<meta property=\"og:title\" content=\"Blog Zol Design\" \/>\n<meta property=\"og:url\" content=\"https:\/\/www.metalurgicazol.com.br\/zoldesign\/\" \/>\n<meta property=\"og:site_name\" content=\"Blog Zol Design\" \/>\n<meta property=\"article:modified_time\" content=\"2023-02-26T19:51:41+00:00\" \/>\n<meta property=\"og:image\" content=\"https:\/\/www.metalurgicazol.com.br\/zoldesign\/wp-content\/uploads\/sites\/2\/2020\/02\/2.png\" \/>\n\t<meta property=\"og:image:width\" content=\"820\" \/>\n\t<meta property=\"og:image:height\" content=\"312\" \/>\n\t<meta property=\"og:image:type\" content=\"image\/png\" \/>\n<meta name=\"twitter:card\" content=\"summary_large_image\" \/>\n<meta name=\"twitter:label1\" content=\"Est. tempo de leitura\" \/>\n\t<meta name=\"twitter:data1\" content=\"3 minutos\" \/>\n<script type=\"application\/ld+json\" class=\"yoast-schema-graph\">{\"@context\":\"https:\/\/schema.org\",\"@graph\":[{\"@type\":\"WebPage\",\"@id\":\"https:\/\/www.metalurgicazol.com.br\/zoldesign\/\",\"url\":\"https:\/\/www.metalurgicazol.com.br\/zoldesign\/\",\"name\":\"Blog Zol Design - Blog Zol Design\",\"isPartOf\":{\"@id\":\"https:\/\/www.metalurgicazol.com.br\/zoldesign\/#website\"},\"primaryImageOfPage\":{\"@id\":\"https:\/\/www.metalurgicazol.com.br\/zoldesign\/#primaryimage\"},\"image\":{\"@id\":\"https:\/\/www.metalurgicazol.com.br\/zoldesign\/#primaryimage\"},\"thumbnailUrl\":\"https:\/\/www.metalurgicazol.com.br\/zoldesign\/wp-content\/uploads\/sites\/2\/2020\/02\/2.png\",\"datePublished\":\"2020-02-06T12:09:26+00:00\",\"dateModified\":\"2023-02-26T19:51:41+00:00\",\"breadcrumb\":{\"@id\":\"https:\/\/www.metalurgicazol.com.br\/zoldesign\/#breadcrumb\"},\"inLanguage\":\"pt-BR\",\"potentialAction\":[{\"@type\":\"ReadAction\",\"target\":[\"https:\/\/www.metalurgicazol.com.br\/zoldesign\/\"]}]},{\"@type\":\"ImageObject\",\"inLanguage\":\"pt-BR\",\"@id\":\"https:\/\/www.metalurgicazol.com.br\/zoldesign\/#primaryimage\",\"url\":\"https:\/\/www.metalurgicazol.com.br\/zoldesign\/wp-content\/uploads\/sites\/2\/2020\/02\/2.png\",\"contentUrl\":\"https:\/\/www.metalurgicazol.com.br\/zoldesign\/wp-content\/uploads\/sites\/2\/2020\/02\/2.png\",\"width\":820,\"height\":312},{\"@type\":\"BreadcrumbList\",\"@id\":\"https:\/\/www.metalurgicazol.com.br\/zoldesign\/#breadcrumb\",\"itemListElement\":[{\"@type\":\"ListItem\",\"position\":1,\"name\":\"In\u00edcio\",\"item\":\"https:\/\/www.metalurgicazol.com.br\/zoldesign\/\"},{\"@type\":\"ListItem\",\"position\":2,\"name\":\"Blog Zol Design\"}]},{\"@type\":\"WebSite\",\"@id\":\"https:\/\/www.metalurgicazol.com.br\/zoldesign\/#website\",\"url\":\"https:\/\/www.metalurgicazol.com.br\/zoldesign\/\",\"name\":\"Blog Zol Design\",\"description\":\"O Blog da Metal\u00fargica Zol\",\"potentialAction\":[{\"@type\":\"SearchAction\",\"target\":{\"@type\":\"EntryPoint\",\"urlTemplate\":\"https:\/\/www.metalurgicazol.com.br\/zoldesign\/?s={search_term_string}\"},\"query-input\":{\"@type\":\"PropertyValueSpecification\",\"valueRequired\":true,\"valueName\":\"search_term_string\"}}],\"inLanguage\":\"pt-BR\"}]}<\/script>\n<!-- \/ Yoast SEO Premium plugin. -->","yoast_head_json":{"title":"Blog Zol Design - Blog Zol Design","robots":{"index":"index","follow":"follow","max-snippet":"max-snippet:-1","max-image-preview":"max-image-preview:large","max-video-preview":"max-video-preview:-1"},"canonical":"https:\/\/www.metalurgicazol.com.br\/zoldesign\/","og_locale":"pt_BR","og_type":"article","og_title":"Blog Zol Design","og_url":"https:\/\/www.metalurgicazol.com.br\/zoldesign\/","og_site_name":"Blog Zol Design","article_modified_time":"2023-02-26T19:51:41+00:00","og_image":[{"width":820,"height":312,"url":"https:\/\/www.metalurgicazol.com.br\/zoldesign\/wp-content\/uploads\/sites\/2\/2020\/02\/2.png","type":"image\/png"}],"twitter_card":"summary_large_image","twitter_misc":{"Est. tempo de leitura":"3 minutos"},"schema":{"@context":"https:\/\/schema.org","@graph":[{"@type":"WebPage","@id":"https:\/\/www.metalurgicazol.com.br\/zoldesign\/","url":"https:\/\/www.metalurgicazol.com.br\/zoldesign\/","name":"Blog Zol Design - Blog Zol Design","isPartOf":{"@id":"https:\/\/www.metalurgicazol.com.br\/zoldesign\/#website"},"primaryImageOfPage":{"@id":"https:\/\/www.metalurgicazol.com.br\/zoldesign\/#primaryimage"},"image":{"@id":"https:\/\/www.metalurgicazol.com.br\/zoldesign\/#primaryimage"},"thumbnailUrl":"https:\/\/www.metalurgicazol.com.br\/zoldesign\/wp-content\/uploads\/sites\/2\/2020\/02\/2.png","datePublished":"2020-02-06T12:09:26+00:00","dateModified":"2023-02-26T19:51:41+00:00","breadcrumb":{"@id":"https:\/\/www.metalurgicazol.com.br\/zoldesign\/#breadcrumb"},"inLanguage":"pt-BR","potentialAction":[{"@type":"ReadAction","target":["https:\/\/www.metalurgicazol.com.br\/zoldesign\/"]}]},{"@type":"ImageObject","inLanguage":"pt-BR","@id":"https:\/\/www.metalurgicazol.com.br\/zoldesign\/#primaryimage","url":"https:\/\/www.metalurgicazol.com.br\/zoldesign\/wp-content\/uploads\/sites\/2\/2020\/02\/2.png","contentUrl":"https:\/\/www.metalurgicazol.com.br\/zoldesign\/wp-content\/uploads\/sites\/2\/2020\/02\/2.png","width":820,"height":312},{"@type":"BreadcrumbList","@id":"https:\/\/www.metalurgicazol.com.br\/zoldesign\/#breadcrumb","itemListElement":[{"@type":"ListItem","position":1,"name":"In\u00edcio","item":"https:\/\/www.metalurgicazol.com.br\/zoldesign\/"},{"@type":"ListItem","position":2,"name":"Blog Zol Design"}]},{"@type":"WebSite","@id":"https:\/\/www.metalurgicazol.com.br\/zoldesign\/#website","url":"https:\/\/www.metalurgicazol.com.br\/zoldesign\/","name":"Blog Zol Design","description":"O Blog da Metal\u00fargica Zol","potentialAction":[{"@type":"SearchAction","target":{"@type":"EntryPoint","urlTemplate":"https:\/\/www.metalurgicazol.com.br\/zoldesign\/?s={search_term_string}"},"query-input":{"@type":"PropertyValueSpecification","valueRequired":true,"valueName":"search_term_string"}}],"inLanguage":"pt-BR"}]}},"amp_enabled":false,"_links":{"self":[{"href":"https:\/\/www.metalurgicazol.com.br\/zoldesign\/wp-json\/wp\/v2\/pages\/2","targetHints":{"allow":["GET"]}}],"collection":[{"href":"https:\/\/www.metalurgicazol.com.br\/zoldesign\/wp-json\/wp\/v2\/pages"}],"about":[{"href":"https:\/\/www.metalurgicazol.com.br\/zoldesign\/wp-json\/wp\/v2\/types\/page"}],"author":[{"embeddable":true,"href":"https:\/\/www.metalurgicazol.com.br\/zoldesign\/wp-json\/wp\/v2\/users\/2"}],"replies":[{"embeddable":true,"href":"https:\/\/www.metalurgicazol.com.br\/zoldesign\/wp-json\/wp\/v2\/comments?post=2"}],"version-history":[{"count":0,"href":"https:\/\/www.metalurgicazol.com.br\/zoldesign\/wp-json\/wp\/v2\/pages\/2\/revisions"}],"wp:featuredmedia":[{"embeddable":true,"href":"https:\/\/www.metalurgicazol.com.br\/zoldesign\/wp-json\/wp\/v2\/media\/10"}],"wp:attachment":[{"href":"https:\/\/www.metalurgicazol.com.br\/zoldesign\/wp-json\/wp\/v2\/media?parent=2"}],"curies":[{"name":"wp","href":"https:\/\/api.w.org\/{rel}","templated":true}]}}